{"id":990,"date":"2020-12-15T11:26:35","date_gmt":"2020-12-15T10:26:35","guid":{"rendered":"https:\/\/2020-3.grafzyx.foundation\/?page_id=990"},"modified":"2021-02-21T17:45:29","modified_gmt":"2021-02-21T16:45:29","slug":"newsletter","status":"publish","type":"page","link":"https:\/\/grafzyx.foundation\/en\/newsletter\/","title":{"rendered":"Newsletter"},"content":{"rendered":"<!-- Added by Post\/Page specific custom CSS plugin, thank you for using! -->\n<style>.elementor-element.elementor-element-5fa11b54.elementor-section-boxed.elementor-section-height-default.elementor-section.elementor-top-section {\r\n    display: none;\r\n}\r\n.title-bar {\r\n    display: none;\r\n}\r\n.elementor-490 .elementor-element.elementor-element-66d5a69 {\r\n    margin-top: 30px;\r\n}<\/style>\n\t\t<div data-elementor-type=\"wp-page\" data-elementor-id=\"990\" class=\"elementor elementor-990\">\n\t\t\t\t\t\t<section class=\"elementor-section elementor-top-section elementor-element elementor-element-f1de364 elementor-section-full_width elementor-section-height-default elementor-section-height-default\" data-id=\"f1de364\" data-element_type=\"section\" data-settings=\"{&quot;background_background&quot;:&quot;classic&quot;}\">\n\t\t\t\t\t\t<div class=\"elementor-container elementor-column-gap-default\">\n\t\t\t\t\t<div class=\"elementor-column elementor-col-50 elementor-top-column elementor-element elementor-element-9ceeccc\" data-id=\"9ceeccc\" data-element_type=\"column\">\n\t\t\t<div class=\"elementor-widget-wrap elementor-element-populated\">\n\t\t\t\t\t\t<div class=\"elementor-element elementor-element-70d9d6e elementor-widget elementor-widget-heading\" data-id=\"70d9d6e\" data-element_type=\"widget\" data-widget_type=\"heading.default\">\n\t\t\t\t<div class=\"elementor-widget-container\">\n\t\t\t<h2 class=\"elementor-heading-title elementor-size-default\">Newsletter<\/h2>\t\t<\/div>\n\t\t\t\t<\/div>\n\t\t\t\t<div class=\"elementor-element elementor-element-94ba618 elementor-widget elementor-widget-text-editor\" data-id=\"94ba618\" data-element_type=\"widget\" data-widget_type=\"text-editor.default\">\n\t\t\t\t<div class=\"elementor-widget-container\">\n\t\t\t\t\t\t\t<p>Thanks a lot for your interest.<br \/>Here you can order the free GrafZyxFoundation newsletter.<\/p><p>Our newsletter is published infrequently, irregularly and only in connection with larger projects.<\/p><p>Read our corresponding <a href=\"https:\/\/grafzyx.foundation\/en\/datenschutz-privacy\/\" target=\"_blank\" rel=\"noopener\">privacy policy<\/a>.<\/p>\t\t\t\t\t\t<\/div>\n\t\t\t\t<\/div>\n\t\t\t\t<div class=\"elementor-element elementor-element-1392e08 elementor-widget elementor-widget-text-editor\" data-id=\"1392e08\" data-element_type=\"widget\" data-widget_type=\"text-editor.default\">\n\t\t\t\t<div class=\"elementor-widget-container\">\n\t\t\t\t\t\t\t<form action=\"https:\/\/newsletter.grafzyx.foundation\/?na=s\" method=\"post\" data-trp-original-action=\"https:\/\/newsletter.grafzyx.foundation\/?na=s\"><p><input name=\"nlang\" type=\"hidden\" value=\"\" \/><\/p><div class=\"tnp-field tnp-field-email\"><span style=\"color: #000000;\"><label for=\"tnp-email\">Email-Adresse:<\/label><\/span><\/div><div class=\"tnp-field tnp-field-email\"><label for=\"tnp-email\"><br \/><\/label><input class=\"tnp-email\" name=\"ne\" required=\"\" type=\"email\" value=\"\" data-cip-id=\"cIPJQ342845639\" \/><\/div><div>\u00a0<\/div><div class=\"tnp-field tnp-field-button\"><input class=\"tnp-submit\" type=\"submit\" value=\"Subscribe\" \/><\/div><input type=\"hidden\" name=\"trp-form-language\" value=\"en\"\/><\/form>\t\t\t\t\t\t<\/div>\n\t\t\t\t<\/div>\n\t\t\t\t\t<\/div>\n\t\t<\/div>\n\t\t\t\t<div class=\"elementor-column elementor-col-50 elementor-top-column elementor-element elementor-element-75d8c5e\" data-id=\"75d8c5e\" data-element_type=\"column\">\n\t\t\t<div class=\"elementor-widget-wrap elementor-element-populated\">\n\t\t\t\t\t\t<div class=\"elementor-element elementor-element-4efe36f elementor-widget elementor-widget-heading\" data-id=\"4efe36f\" data-element_type=\"widget\" data-widget_type=\"heading.default\">\n\t\t\t\t<div class=\"elementor-widget-container\">\n\t\t\t<h2 class=\"elementor-heading-title elementor-size-default\">Newsletter archive<\/h2>\t\t<\/div>\n\t\t\t\t<\/div>\n\t\t\t\t<div class=\"elementor-element elementor-element-e702f88 elementor-widget elementor-widget-text-editor\" data-id=\"e702f88\" data-element_type=\"widget\" data-widget_type=\"text-editor.default\">\n\t\t\t\t<div class=\"elementor-widget-container\">\n\t\t\t\t\t\t\t<br \\><br \\><a href=\"https:\/\/txt.grafzyx.foundation\/newsletter\/\" target=\"_blank\" rel=\"noopener\">&gt;&gt;&gt; TXT.GRAFZYX.FONDATION\/NEWSLETTER<\/a><br \\>\t\t\t\t\t\t<\/div>\n\t\t\t\t<\/div>\n\t\t\t\t\t<\/div>\n\t\t<\/div>\n\t\t\t\t\t<\/div>\n\t\t<\/section>\n\t\t\t\t<\/div>","protected":false},"excerpt":{"rendered":"<p>Newsletter Vielen Dank f\u00fcr Ihr Interesse.Hier k\u00f6nnen Sie den kostenlosen GrafZyxFoundation-Newsletter ordern. Unser Newsletter erscheint selten, unregelm\u00e4\u00dfig und nur im Zusammenhang mit gr\u00f6\u00dferen Projekten. Lesen Sie unsere entprechenden Datenschutzbestimmungen. Email-Adresse:\u00a0 Newsletterarchiv &gt;&gt;&gt; TXT.GRAFZYX.FONDATION\/NEWSLETTER<\/p>","protected":false},"author":1,"featured_media":0,"parent":0,"menu_order":0,"comment_status":"closed","ping_status":"closed","template":"","meta":{"wpupg_custom_link":[],"wpupg_custom_link_behaviour":[],"wpupg_custom_image":[],"wpupg_custom_image_id":[],"footnotes":"","_links_to":"","_links_to_target":""},"_links":{"self":[{"href":"https:\/\/grafzyx.foundation\/en\/wp-json\/wp\/v2\/pages\/990"}],"collection":[{"href":"https:\/\/grafzyx.foundation\/en\/wp-json\/wp\/v2\/pages"}],"about":[{"href":"https:\/\/grafzyx.foundation\/en\/wp-json\/wp\/v2\/types\/page"}],"author":[{"embeddable":true,"href":"https:\/\/grafzyx.foundation\/en\/wp-json\/wp\/v2\/users\/1"}],"replies":[{"embeddable":true,"href":"https:\/\/grafzyx.foundation\/en\/wp-json\/wp\/v2\/comments?post=990"}],"version-history":[{"count":14,"href":"https:\/\/grafzyx.foundation\/en\/wp-json\/wp\/v2\/pages\/990\/revisions"}],"predecessor-version":[{"id":1186,"href":"https:\/\/grafzyx.foundation\/en\/wp-json\/wp\/v2\/pages\/990\/revisions\/1186"}],"wp:attachment":[{"href":"https:\/\/grafzyx.foundation\/en\/wp-json\/wp\/v2\/media?parent=990"}],"curies":[{"name":"wp","href":"https:\/\/api.w.org\/{rel}","templated":true}]}}