{"id":64,"date":"2020-04-11T10:35:02","date_gmt":"2020-04-11T08:35:02","guid":{"rendered":"http:\/\/2020-3.grafzyx.foundation\/?page_id=64"},"modified":"2025-12-07T18:25:51","modified_gmt":"2025-12-07T17:25:51","slug":"formate","status":"publish","type":"page","link":"https:\/\/grafzyx.foundation\/en\/","title":{"rendered":"Home"},"content":{"rendered":"<div data-elementor-type=\"wp-page\" data-elementor-id=\"64\" class=\"elementor elementor-64\">\n\t\t\t\t\t\t<section class=\"elementor-section elementor-top-section elementor-element elementor-element-fe8b63f elementor-section-full_width elementor-section-height-default elementor-section-height-default\" data-id=\"fe8b63f\" data-element_type=\"section\" data-settings=\"{&quot;background_background&quot;:&quot;classic&quot;}\">\n\t\t\t\t\t\t<div class=\"elementor-container elementor-column-gap-default\">\n\t\t\t\t\t<div class=\"elementor-column elementor-col-33 elementor-top-column elementor-element elementor-element-f6ca31e\" data-id=\"f6ca31e\" data-element_type=\"column\">\n\t\t\t<div class=\"elementor-widget-wrap elementor-element-populated\">\n\t\t\t\t\t\t<div class=\"elementor-element elementor-element-e4b15fd elementor-widget elementor-widget-image\" data-id=\"e4b15fd\" data-element_type=\"widget\" data-widget_type=\"image.default\">\n\t\t\t\t<div class=\"elementor-widget-container\">\n\t\t\t\t\t\t\t\t\t\t\t\t\t\t<a href=\"https:\/\/tank.3040.at\" target=\"_blank\">\n\t\t\t\t\t\t\t<img fetchpriority=\"high\" decoding=\"async\" width=\"480\" height=\"182\" src=\"https:\/\/grafzyx.foundation\/wp-content\/uploads\/2025\/12\/grafzyx_tank_480_182titel2.png\" class=\"attachment-large size-large wp-image-2402\" alt=\"\" srcset=\"https:\/\/grafzyx.foundation\/wp-content\/uploads\/2025\/12\/grafzyx_tank_480_182titel2.png 480w, https:\/\/grafzyx.foundation\/wp-content\/uploads\/2025\/12\/grafzyx_tank_480_182titel2-300x114.png 300w, https:\/\/grafzyx.foundation\/wp-content\/uploads\/2025\/12\/grafzyx_tank_480_182titel2-18x7.png 18w\" sizes=\"(max-width: 480px) 100vw, 480px\" \/>\t\t\t\t\t\t\t\t<\/a>\n\t\t\t\t\t\t\t\t\t\t\t\t\t<\/div>\n\t\t\t\t<\/div>\n\t\t\t\t\t<\/div>\n\t\t<\/div>\n\t\t\t\t<div class=\"elementor-column elementor-col-33 elementor-top-column elementor-element elementor-element-3863de4\" data-id=\"3863de4\" data-element_type=\"column\">\n\t\t\t<div class=\"elementor-widget-wrap elementor-element-populated\">\n\t\t\t\t\t\t<div class=\"elementor-element elementor-element-3e6ea3d elementor-widget elementor-widget-heading\" data-id=\"3e6ea3d\" data-element_type=\"widget\" data-widget_type=\"heading.default\">\n\t\t\t\t<div class=\"elementor-widget-container\">\n\t\t\t<h1 class=\"elementor-heading-title elementor-size-default\"><div id=\"fund\"> <br>hybrid<span class=\"hgblau\">G<\/span>raf<span class=\"hggruen\">Z<\/span>yx<span class=\"hgrot\">F<\/span>oundation<\/div><\/h1>\t\t<\/div>\n\t\t\t\t<\/div>\n\t\t\t\t<div class=\"elementor-element elementor-element-34771cf elementor-widget elementor-widget-text-editor\" data-id=\"34771cf\" data-element_type=\"widget\" data-widget_type=\"text-editor.default\">\n\t\t\t\t<div class=\"elementor-widget-container\">\n\t\t\t\t\t\t\t<div class=\"trp_language_switcher_shortcode\">\n<div class=\"trp-language-switcher trp-language-switcher-container\" data-no-translation>\n    <div class=\"trp-ls-shortcode-current-language\">\n        <a href=\"#\" class=\"trp-ls-shortcode-disabled-language trp-ls-disabled-language\" title=\"English (UK)\" onclick=\"event.preventDefault()\">\n\t\t\t<img decoding=\"async\" class=\"trp-flag-image\" src=\"https:\/\/grafzyx.foundation\/wp-content\/plugins\/translatepress-multilingual\/assets\/images\/flags\/en_GB.png\" width=\"18\" height=\"12\" alt=\"en_GB\" title=\"English (UK)\"> \t\t<\/a>\n    <\/div>\n    <div class=\"trp-ls-shortcode-language\">\n                <a href=\"#\" class=\"trp-ls-shortcode-disabled-language trp-ls-disabled-language\"  title=\"English (UK)\" onclick=\"event.preventDefault()\">\n\t\t\t<img decoding=\"async\" class=\"trp-flag-image\" src=\"https:\/\/grafzyx.foundation\/wp-content\/plugins\/translatepress-multilingual\/assets\/images\/flags\/en_GB.png\" width=\"18\" height=\"12\" alt=\"en_GB\" title=\"English (UK)\"> \t\t<\/a>\n                    <a href=\"https:\/\/grafzyx.foundation\/wp-json\/wp\/v2\/pages\/64\/\" title=\"Deutsch (Sie)\">\n            <img decoding=\"async\" class=\"trp-flag-image\" src=\"https:\/\/grafzyx.foundation\/wp-content\/plugins\/translatepress-multilingual\/assets\/images\/flags\/de_DE_formal.png\" width=\"18\" height=\"12\" alt=\"de_DE_formal\" title=\"Deutsch (Sie)\">         <\/a>\n\n        <\/div>\n    <script type=\"application\/javascript\">\n        \/\/ need to have the same with set from JS on both divs. Otherwise it can push stuff around in HTML\n        var trp_ls_shortcodes = document.querySelectorAll('.trp_language_switcher_shortcode .trp-language-switcher');\n        if ( trp_ls_shortcodes.length > 0) {\n            \/\/ get the last language switcher added\n            var trp_el = trp_ls_shortcodes[trp_ls_shortcodes.length - 1];\n\n            var trp_shortcode_language_item = trp_el.querySelector( '.trp-ls-shortcode-language' )\n            \/\/ set width\n            var trp_ls_shortcode_width                                               = trp_shortcode_language_item.offsetWidth + 16;\n            trp_shortcode_language_item.style.width                                  = trp_ls_shortcode_width + 'px';\n            trp_el.querySelector( '.trp-ls-shortcode-current-language' ).style.width = trp_ls_shortcode_width + 'px';\n\n            \/\/ We're putting this on display: none after we have its width.\n            trp_shortcode_language_item.style.display = 'none';\n        }\n    <\/script>\n<\/div>\n<\/div>\t\t\t\t\t\t<\/div>\n\t\t\t\t<\/div>\n\t\t\t\t\t<\/div>\n\t\t<\/div>\n\t\t\t\t<div class=\"elementor-column elementor-col-33 elementor-top-column elementor-element elementor-element-c1fc4c5\" data-id=\"c1fc4c5\" data-element_type=\"column\">\n\t\t\t<div class=\"elementor-widget-wrap elementor-element-populated\">\n\t\t\t\t\t\t<div class=\"elementor-element elementor-element-5c780d2 elementor-widget elementor-widget-image\" data-id=\"5c780d2\" data-element_type=\"widget\" data-widget_type=\"image.default\">\n\t\t\t\t<div class=\"elementor-widget-container\">\n\t\t\t\t\t\t\t\t\t\t\t\t\t\t<a href=\"https:\/\/v-i-r.us\" target=\"_blank\">\n\t\t\t\t\t\t\t<img loading=\"lazy\" decoding=\"async\" width=\"480\" height=\"182\" src=\"https:\/\/grafzyx.foundation\/wp-content\/uploads\/2020\/04\/vir-1.png\" class=\"attachment-large size-large wp-image-251\" alt=\"\" \/>\t\t\t\t\t\t\t\t<\/a>\n\t\t\t\t\t\t\t\t\t\t\t\t\t<\/div>\n\t\t\t\t<\/div>\n\t\t\t\t\t<\/div>\n\t\t<\/div>\n\t\t\t\t\t<\/div>\n\t\t<\/section>\n\t\t\t\t<section class=\"elementor-section elementor-top-section elementor-element elementor-element-776e401 elementor-section-full_width elementor-section-height-default elementor-section-height-default\" data-id=\"776e401\" data-element_type=\"section\" data-settings=\"{&quot;background_background&quot;:&quot;classic&quot;}\">\n\t\t\t\t\t\t<div class=\"elementor-container elementor-column-gap-default\">\n\t\t\t\t\t<div class=\"elementor-column elementor-col-100 elementor-top-column elementor-element elementor-element-edc3669\" data-id=\"edc3669\" data-element_type=\"column\">\n\t\t\t<div class=\"elementor-widget-wrap elementor-element-populated\">\n\t\t\t\t\t\t<section class=\"elementor-section elementor-inner-section elementor-element elementor-element-76a73dc elementor-section-full_width elementor-section-height-default elementor-section-height-default\" data-id=\"76a73dc\" data-element_type=\"section\">\n\t\t\t\t\t\t<div class=\"elementor-container elementor-column-gap-default\">\n\t\t\t\t\t<div class=\"elementor-column elementor-col-33 elementor-inner-column elementor-element elementor-element-a75f9df\" data-id=\"a75f9df\" data-element_type=\"column\">\n\t\t\t<div class=\"elementor-widget-wrap elementor-element-populated\">\n\t\t\t\t\t\t<div class=\"elementor-element elementor-element-311b075 elementor-widget elementor-widget-text-editor\" data-id=\"311b075\" data-element_type=\"widget\" data-widget_type=\"text-editor.default\">\n\t\t\t\t<div class=\"elementor-widget-container\">\n\t\t\t\t\t\t\t<p><span style=\"color: #3399cc;\">THESIS<\/span><br \/>\u00a0\u00a0\u00a0\u00a0[ PHYSICAL ]<\/p>\t\t\t\t\t\t<\/div>\n\t\t\t\t<\/div>\n\t\t\t\t\t<\/div>\n\t\t<\/div>\n\t\t\t\t<div class=\"elementor-column elementor-col-33 elementor-inner-column elementor-element elementor-element-04df4e4\" data-id=\"04df4e4\" data-element_type=\"column\">\n\t\t\t<div class=\"elementor-widget-wrap elementor-element-populated\">\n\t\t\t\t\t\t<div class=\"elementor-element elementor-element-d2559e9 elementor-widget elementor-widget-image\" data-id=\"d2559e9\" data-element_type=\"widget\" data-widget_type=\"image.default\">\n\t\t\t\t<div class=\"elementor-widget-container\">\n\t\t\t\t\t\t\t\t\t\t\t\t\t<img loading=\"lazy\" decoding=\"async\" width=\"50\" height=\"44\" src=\"https:\/\/grafzyx.foundation\/wp-content\/uploads\/2020\/11\/rettrans.png\" class=\"attachment-large size-large wp-image-610\" alt=\"\" \/>\t\t\t\t\t\t\t\t\t\t\t\t\t<\/div>\n\t\t\t\t<\/div>\n\t\t\t\t\t<\/div>\n\t\t<\/div>\n\t\t\t\t<div class=\"elementor-column elementor-col-33 elementor-inner-column elementor-element elementor-element-fdf923c\" data-id=\"fdf923c\" data-element_type=\"column\">\n\t\t\t<div class=\"elementor-widget-wrap elementor-element-populated\">\n\t\t\t\t\t\t<div class=\"elementor-element elementor-element-33e71b0 elementor-widget elementor-widget-text-editor\" data-id=\"33e71b0\" data-element_type=\"widget\" data-widget_type=\"text-editor.default\">\n\t\t\t\t<div class=\"elementor-widget-container\">\n\t\t\t\t\t\t\t<p><span style=\"color: #ff6600;\">ANTITHESIS<\/span><br \/>[ VIRTUAL ]\u00a0\u00a0\u00a0\u00a0<\/p>\t\t\t\t\t\t<\/div>\n\t\t\t\t<\/div>\n\t\t\t\t\t<\/div>\n\t\t<\/div>\n\t\t\t\t\t<\/div>\n\t\t<\/section>\n\t\t\t\t<div class=\"elementor-element elementor-element-bae45fb silben elementor-widget elementor-widget-text-editor\" data-id=\"bae45fb\" data-element_type=\"widget\" id=\"about\" data-widget_type=\"text-editor.default\">\n\t\t\t\t<div class=\"elementor-widget-container\">\n\t\t\t\t\t\t\t<div class=\"csc-textpic-text\">Thesis, antithesis - that might sound like dialectics. Wrong guess: who needs synthesis in art? <br \/>Synthesis is lousy.<br \/>Because: radical competition invigorates the mind, art is not a democratic flattery zone and may polarize without restraint.<br \/>So we install physically grounded theses in <a href=\"https:\/\/tank.3040.at\" target=\"_blank\" rel=\"noopener\">TANK.3040.AT<\/a> and virtually freely fluctuating antitheses at <a href=\"https:\/\/v-i-r.us\" target=\"_blank\" rel=\"noopener\">V-I-R.US<\/a> as permanent, emancipated parallel instances. Both do not put up with diluting syntheses or lazy compromises and play out their respective advantages as equipotent positions with creative consistency and incorruptibility.<br \/>And these are considerable in each case when comparing physical space with virtual space.<br \/>And they should encourage us to think things through to the end.<br \/>Ecological and thus economic reason could soon give the defenders of the no-alternative communication at close quarters the image of being hopelessly stuck in the past.<br \/>At any rate, we welcome change instead of regretting and lamenting it, and at least explore its potential first.<br \/>It is better not to wait for a return to the former normality, which we know is not at all desirable and which can never come unmodified anyway, but to test strategies and techniques for the gradual, integrative expansion of the world, which is fixated on growth in a therapy-resistant manner, into the virtual macrocosm.<\/div>\t\t\t\t\t\t<\/div>\n\t\t\t\t<\/div>\n\t\t\t\t<div class=\"elementor-element elementor-element-6fe095c elementor-widget elementor-widget-text-editor\" data-id=\"6fe095c\" data-element_type=\"widget\" data-widget_type=\"text-editor.default\">\n\t\t\t\t<div class=\"elementor-widget-container\">\n\t\t\t\t\t\t\t<p><div data-post-id=\"1104\" class=\"insert-page insert-page-1104\">\t\t<div data-elementor-type=\"wp-page\" data-elementor-id=\"1104\" class=\"elementor elementor-1104\">\n\t\t\t\t\t\t<section class=\"elementor-section elementor-top-section elementor-element elementor-element-cfad83d elementor-section-full_width elementor-section-height-default elementor-section-height-default\" data-id=\"cfad83d\" data-element_type=\"section\">\n\t\t\t\t\t\t<div class=\"elementor-container elementor-column-gap-default\">\n\t\t\t\t\t<div class=\"elementor-column elementor-col-100 elementor-top-column elementor-element elementor-element-22b6325\" data-id=\"22b6325\" data-element_type=\"column\">\n\t\t\t<div class=\"elementor-widget-wrap elementor-element-populated\">\n\t\t\t\t\t\t<div class=\"elementor-element elementor-element-abdf14c elementor-widget elementor-widget-wp-widget-feedzy_wp_widget\" data-id=\"abdf14c\" data-element_type=\"widget\" data-widget_type=\"wp-widget-feedzy_wp_widget.default\">\n\t\t\t\t<div class=\"elementor-widget-container\">\n\t\t\t<div class=\"feedzy-95e90266bd2229ed6516c7ff96bb2823 feedzy-rss-1\"><ul><\/ul> <\/div>\t\t<\/div>\n\t\t\t\t<\/div>\n\t\t\t\t\t<\/div>\n\t\t<\/div>\n\t\t\t\t\t<\/div>\n\t\t<\/section>\n\t\t\t\t<\/div>\n\t\t<\/div><\/p>\t\t\t\t\t\t<\/div>\n\t\t\t\t<\/div>\n\t\t\t\t<div class=\"elementor-element elementor-element-825c805 elementor-widget elementor-widget-text-editor\" data-id=\"825c805\" data-element_type=\"widget\" data-widget_type=\"text-editor.default\">\n\t\t\t\t<div class=\"elementor-widget-container\">\n\t\t\t\t\t\t\t<p><div data-post-id=\"1155\" class=\"insert-page insert-page-1155\">\n<p class=\"has-text-align-center\">Sponsors and partners<\/p>\n\n\n\n\t\t<style>\n\t\t\t#wpls-logo-showcase-slider-1 .wpls-fix-box,\n\t\t\t#wpls-logo-showcase-slider-1 .wpls-fix-box img.wp-post-image{max-height:250px; }\n\t\t<\/style>\n\n\t\t<div class=\"wpls-wrap wpls-logo-showcase-slider-wrp wpls-logo-clearfix wpls-design-1\" data-conf=\"{&quot;slides_column&quot;:&quot;8&quot;,&quot;slides_scroll&quot;:1,&quot;dots&quot;:&quot;false&quot;,&quot;arrows&quot;:&quot;false&quot;,&quot;autoplay&quot;:&quot;true&quot;,&quot;autoplay_interval&quot;:3000,&quot;loop&quot;:&quot;true&quot;,&quot;rtl&quot;:&quot;false&quot;,&quot;speed&quot;:800,&quot;center_mode&quot;:&quot;false&quot;,&quot;lazyload&quot;:&quot;&quot;}\">\n\t\t\t<div class=\"wpls-logo-showcase logo_showcase wpls-logo-slider  sliderimage_hide_border wpls-dots-false\" id=\"wpls-logo-showcase-slider-1\" >\n\t\t\t\t<div class=\"wpls-logo-cnt\">\n\t<div class=\"wpls-fix-box\">\n\t\t\t\t<a href=\"https:\/\/www.noe.gv.at\/noe\/Kunst-Kultur\/Kunst___Kultur.html\" target=\"_blank\">\n\t\t\t<img decoding=\"async\" class=\"wp-post-image\"  src=\"https:\/\/grafzyx.foundation\/wp-content\/uploads\/2021\/02\/Kultur_NOE_H37.jpg\" alt=\"\" \/>\n\t\t<\/a>\n\t\t\t<\/div>\n\t<\/div><div class=\"wpls-logo-cnt\">\n\t<div class=\"wpls-fix-box\">\n\t\t\t\t<a href=\"https:\/\/www.bmkoes.gv.at\/Kunst-und-Kultur\/bildende-kunst-architektur-design-mode-fotografie-medienkunst.html\" target=\"_blank\">\n\t\t\t<img decoding=\"async\" class=\"wp-post-image\"  src=\"https:\/\/grafzyx.foundation\/wp-content\/uploads\/2021\/02\/BMKOES_Logo_H37.png\" alt=\"BMKOES\" \/>\n\t\t<\/a>\n\t\t\t<\/div>\n\t<\/div><div class=\"wpls-logo-cnt\">\n\t<div class=\"wpls-fix-box\">\n\t\t\t\t<a href=\"http:\/\/bildrecht.at\/\" target=\"_blank\">\n\t\t\t<img decoding=\"async\" class=\"wp-post-image\"  src=\"https:\/\/grafzyx.foundation\/wp-content\/uploads\/2021\/02\/Bildrecht_150-37.png\" alt=\"Bildrecht\" \/>\n\t\t<\/a>\n\t\t\t<\/div>\n\t<\/div><div class=\"wpls-logo-cnt\">\n\t<div class=\"wpls-fix-box\">\n\t\t\t\t<a href=\"http:\/\/www.the-art-of-work.at\/\" target=\"_blank\">\n\t\t\t<img decoding=\"async\" class=\"wp-post-image\"  src=\"https:\/\/grafzyx.foundation\/wp-content\/uploads\/2021\/02\/art-of-work_150-37.png\" alt=\"Bruckberger\" \/>\n\t\t<\/a>\n\t\t\t<\/div>\n\t<\/div><div class=\"wpls-logo-cnt\">\n\t<div class=\"wpls-fix-box\">\n\t\t\t\t<a href=\"http:\/\/www.neulengbach.gv.at\/\" target=\"_blank\">\n\t\t\t<img decoding=\"async\" class=\"wp-post-image\"  src=\"https:\/\/grafzyx.foundation\/wp-content\/uploads\/2021\/02\/schafmit-nl_150-37.png\" alt=\"Neulengbach\" \/>\n\t\t<\/a>\n\t\t\t<\/div>\n\t<\/div><div class=\"wpls-logo-cnt\">\n\t<div class=\"wpls-fix-box\">\n\t\t\t\t<a href=\"http:\/\/www.lower-austria-contemporary.at\/\" target=\"_blank\">\n\t\t\t<img decoding=\"async\" class=\"wp-post-image\"  src=\"https:\/\/grafzyx.foundation\/wp-content\/uploads\/2021\/02\/LAC_150-37.png\" alt=\"LAC\" \/>\n\t\t<\/a>\n\t\t\t<\/div>\n\t<\/div><div class=\"wpls-logo-cnt\">\n\t<div class=\"wpls-fix-box\">\n\t\t\t\t<a href=\"https:\/\/www.museumsfruehling.at\/portfolio2019\/tank-203-3040-at-grafzyxfoundation\/\" target=\"_blank\">\n\t\t\t<img decoding=\"async\" class=\"wp-post-image\"  src=\"https:\/\/grafzyx.foundation\/wp-content\/uploads\/2021\/02\/transparent_oJahr_gruen_150-37.png\" alt=\"Museumsfr\u00fchling N\u00d6\" \/>\n\t\t<\/a>\n\t\t\t<\/div>\n\t<\/div><div class=\"wpls-logo-cnt\">\n\t<div class=\"wpls-fix-box\">\n\t\t\t\t<a href=\"https:\/\/langenacht.orf.at\/\" target=\"_blank\">\n\t\t\t<img decoding=\"async\" class=\"wp-post-image\"  src=\"https:\/\/grafzyx.foundation\/wp-content\/uploads\/2021\/02\/csm_ORF_150-37.png\" alt=\"ORF-Lange Nacht der Museen\" \/>\n\t\t<\/a>\n\t\t\t<\/div>\n\t<\/div>\t\t\t<\/div>\n\t\t<\/div>\n\n\t\t\n\n\n\n<p><\/p>\n<\/div><\/p>\t\t\t\t\t\t<\/div>\n\t\t\t\t<\/div>\n\t\t\t\t\t<\/div>\n\t\t<\/div>\n\t\t\t\t\t<\/div>\n\t\t<\/section>\n\t\t\t\t<\/div>","protected":false},"excerpt":{"rendered":"<p>hybridGrafZyxFoundation THESE\u00a0\u00a0\u00a0\u00a0[ PHYSICAL ] ANTITHESE[ VIRTUAL ]\u00a0\u00a0\u00a0\u00a0 These, Antithese &#8211; das klingt nach Dialektik. Falsch geraten: Wer braucht schon Synthese in der Kunst? Synthese ist mau.Weil: Radikale Konkurrenz belebt den Geist, Kunst ist keine demokratische Schmeichelzone und darf hemmungslos polarisieren.Also installieren wir im Rollenspiel physisch geerdete Thesen im TANK.3040.AT und virtuell frei fluktuierende Antithesen bei V-I-R.US als permanente, emanzipierte Parallelinstanzen. Beide lassen sich weder verw\u00e4ssernde Synthesen noch faule Kompromisse gefallen und spielen als \u00e4quipotente Positionen in kreativer Konsequenz unbestechlich ihre jeweiligen Vorteile aus.Und die sind beim Vergleich des physischen Raums mit dem virtuellen jeweils beachtlich.Und sie sollten anregen, Dinge zu Ende zu denken.\u00d6kologische und damit \u00f6konomische Vernunft k\u00f6nnte den Verteidigern des alternativlosen Kommunizierens auf Tuchf\u00fchlung bald das Image der Ewiggestrigen bescheren.Wir jedenfalls begr\u00fc\u00dfen Ver\u00e4nderungen, statt sie zu bedauern und zu bejammern, und loten zumindest erst einmal ihr Potenzial aus.Besser wir warten nicht auf eine bekanntlich gar nicht w\u00fcnschenswerte R\u00fcckkehr der&hellip;<\/p>\n<p> <a class=\"more-link\" href=\"https:\/\/grafzyx.foundation\/en\/sponsoren\/\">Read more<\/a><\/p>","protected":false},"author":1,"featured_media":0,"parent":0,"menu_order":0,"comment_status":"closed","ping_status":"closed","template":"","meta":{"wpupg_custom_link":[],"wpupg_custom_link_behaviour":[],"wpupg_custom_image":[],"wpupg_custom_image_id":[],"footnotes":"","_links_to":"","_links_to_target":""},"_links":{"self":[{"href":"https:\/\/grafzyx.foundation\/en\/wp-json\/wp\/v2\/pages\/64"}],"collection":[{"href":"https:\/\/grafzyx.foundation\/en\/wp-json\/wp\/v2\/pages"}],"about":[{"href":"https:\/\/grafzyx.foundation\/en\/wp-json\/wp\/v2\/types\/page"}],"author":[{"embeddable":true,"href":"https:\/\/grafzyx.foundation\/en\/wp-json\/wp\/v2\/users\/1"}],"replies":[{"embeddable":true,"href":"https:\/\/grafzyx.foundation\/en\/wp-json\/wp\/v2\/comments?post=64"}],"version-history":[{"count":194,"href":"https:\/\/grafzyx.foundation\/en\/wp-json\/wp\/v2\/pages\/64\/revisions"}],"predecessor-version":[{"id":2405,"href":"https:\/\/grafzyx.foundation\/en\/wp-json\/wp\/v2\/pages\/64\/revisions\/2405"}],"wp:attachment":[{"href":"https:\/\/grafzyx.foundation\/en\/wp-json\/wp\/v2\/media?parent=64"}],"curies":[{"name":"wp","href":"https:\/\/api.w.org\/{rel}","templated":true}]}}