{"id":1212,"date":"2022-02-04T19:24:02","date_gmt":"2022-02-04T18:24:02","guid":{"rendered":"https:\/\/grafzyx.foundation\/?page_id=1212"},"modified":"2023-04-08T11:32:47","modified_gmt":"2023-04-08T09:32:47","slug":"publikationen-2","status":"publish","type":"page","link":"https:\/\/grafzyx.foundation\/en\/publikationen-2\/","title":{"rendered":"Publikationen"},"content":{"rendered":"<!-- Added by Post\/Page specific custom CSS plugin, thank you for using! -->\n<style>.elementor-element.elementor-element-5fa11b54.elementor-section-boxed.elementor-section-height-default.elementor-section.elementor-top-section {\r\n    display: none;\r\n}\r\n.title-bar {\r\n    display: none;\r\n}\r\n.elementor-section-wrap {\r\n  background-color: #fff;\r\n}\r\n.srr-item {\r\n  padding-bottom: 0px !important;\r\n}\r\n.srr-title,\r\n.wp_rss_retriever_title {\r\n  font-weight: bold;\r\n  text-align: center;\r\n  font-size: 20px;\r\n}\r\n.srr-thumb img {\r\n  left: 10%;\r\n  top: 10%;\r\n  transform: translate(-10%,-10%);\r\n}\r\n.wp_rss_retriever_metadata {\r\n  font-size: 85%;\r\n  display: none;\r\n}\r\n.elementor-490 .elementor-element.elementor-element-66d5a69 {\r\n    margin-top: 30px;\r\n}<\/style>\n\t\t<div data-elementor-type=\"wp-page\" data-elementor-id=\"1212\" class=\"elementor elementor-1212\">\n\t\t\t\t\t\t<section class=\"elementor-section elementor-top-section elementor-element elementor-element-cfad83d elementor-section-full_width elementor-section-height-default elementor-section-height-default\" data-id=\"cfad83d\" data-element_type=\"section\">\n\t\t\t\t\t\t<div class=\"elementor-container elementor-column-gap-default\">\n\t\t\t\t\t<div class=\"elementor-column elementor-col-100 elementor-top-column elementor-element elementor-element-22b6325\" data-id=\"22b6325\" data-element_type=\"column\">\n\t\t\t<div class=\"elementor-widget-wrap\">\n\t\t\t\t\t\t\t<\/div>\n\t\t<\/div>\n\t\t\t\t\t<\/div>\n\t\t<\/section>\n\t\t\t\t<section class=\"elementor-section elementor-top-section elementor-element elementor-element-c80c145 elementor-section-boxed elementor-section-height-default elementor-section-height-default\" data-id=\"c80c145\" data-element_type=\"section\">\n\t\t\t\t\t\t<div class=\"elementor-container elementor-column-gap-default\">\n\t\t\t\t\t<div class=\"elementor-column elementor-col-100 elementor-top-column elementor-element elementor-element-e540c45\" data-id=\"e540c45\" data-element_type=\"column\">\n\t\t\t<div class=\"elementor-widget-wrap elementor-element-populated\">\n\t\t\t\t\t\t<div class=\"elementor-element elementor-element-5126b16 elementor-widget elementor-widget-text-editor\" data-id=\"5126b16\" data-element_type=\"widget\" data-widget_type=\"text-editor.default\">\n\t\t\t\t<div class=\"elementor-widget-container\">\n\t\t\t\t\t\t\t<h4 style=\"text-align: center;\">Publikationen der GrafZyxFoundation<\/h4><p style=\"text-align: center;\">Die gedruckten Jahreskataloge der Aktivit\u00e4ten im TANK.3040.AT.<br \/>Auf den jeweiligen Shopseiten finden Sie auch die <strong>Download-Links f\u00fcr die PDF-Versionen<\/strong> der Kataloge, die wir seit 2020 <strong>kostenlos<\/strong> zur Verf\u00fcgung stellen.<\/p>\t\t\t\t\t\t<\/div>\n\t\t\t\t<\/div>\n\t\t\t\t<div class=\"elementor-element elementor-element-4813b68 elementor-widget elementor-widget-wp-widget-super_rss_reader\" data-id=\"4813b68\" data-element_type=\"widget\" data-widget_type=\"wp-widget-super_rss_reader.default\">\n\t\t\t\t<div class=\"elementor-widget-container\">\n\t\t\t<!-- Start - Super RSS Reader v5.1-->\r\n        <div class=\"super-rss-reader-widget\"><div class=\"srr-main\"><div class=\"srr-wrap srr-style-smodern\" data-visible=\"5\" data-speed=\"4000\" data-id=\"srr-tab-394\" ><div class=\"srr-inner\"><div class=\"srr-item\"><div class=\"srr-item-in srr-clearfix\"><a href=\"https:\/\/medien.pool.grafzyx.foundation\/m\/24-concepts-and-data-flow\/\" class=\"srr-thumb srr-thumb-align_left\" style=\"width:148px;height:148px;\"  target=\"_blank\" rel=\"nofollow noopener noreferrer\"><img decoding=\"async\" src=\"https:\/\/medien.pool.grafzyx.foundation\/wp-content\/uploads\/2025\/05\/concepts-dataflow_24_U1.jpg\" alt=\"\u201924 CONCEPTS AND DATA FLOW\" align=\"left\" \/><\/a><div class=\"srr-summary srr-clearfix\"><p>A4 quer Softcover matt cellophaniert 112 Seiten, 4c ca. 170 Abbildungen Hrsg: GrafZyxFoundation 2025 Gesamtkatalog zum Ausstellungs- und Veranstaltungsprogramm der Joint Projects 2024 mit der GrafZyxFoundation Aus dem Inhalt: Herbstausstellung: RINI TANDON | LIA Installation und Objekte | code&gt;machine&gt;video Mit einem Text von Christa Benzer https:\/\/tank.3040.at\/rini-tandon-lia\/ Au\u00dferdem: UTOPIEN* IM TANK.3040.AT Kontroverse Zitate zeitgen\u00f6ssischer Kunst von der politischen bis zur digitalen <a href=\"https:\/\/medien.pool.grafzyx.foundation\/m\/24-concepts-and-data-flow\/\" title=\"Read more\" target=\"_blank\" rel=\"nofollow noopener noreferrer\" class=\"srr-read-more\">[WEITER]<\/a><\/p><\/div><\/div><\/div><div class=\"srr-item srr-stripe\"><div class=\"srr-item-in srr-clearfix\"><a href=\"https:\/\/medien.pool.grafzyx.foundation\/m\/23-raumbilder\/\" class=\"srr-thumb srr-thumb-align_left\" style=\"width:148px;height:148px;\"  target=\"_blank\" rel=\"nofollow noopener noreferrer\"><img decoding=\"async\" src=\"https:\/\/medien.pool.grafzyx.foundation\/wp-content\/uploads\/2024\/04\/raumbilder_23_U1.jpg\" alt=\"\u201923 raumbilder \u2013 Die Aneignung des realen, politischen, fiktiven und virtuellen Raums\" align=\"left\" \/><\/a><div class=\"srr-summary srr-clearfix\"><p>A4 quer Softcover matt cellophaniert 100 Seiten, 4c ca. 160 Abbildungen Hrsg: GrafZyxFoundation 2024 Gesamtkatalog zum Ausstellungs- und Veranstaltungsprogramm der Joint Projects 2023 mit der GrafZyxFoundation Aus dem Inhalt: Herbstausstellung: ROSA HAUSLEITHNER | DAVID ROTH Raumbilder Mit einem Text von Andreas Spiegl Au\u00dferdem: UTOPIEN* IM TANK.3040.AT Kontroverse Zitate zeitgen\u00f6ssischer Kunst von der politischen bis zur digitalen Revolution In Zusammenarbeit mit <a href=\"https:\/\/medien.pool.grafzyx.foundation\/m\/23-raumbilder\/\" title=\"Read more\" target=\"_blank\" rel=\"nofollow noopener noreferrer\" class=\"srr-read-more\">[WEITER]<\/a><\/p><\/div><\/div><\/div><div class=\"srr-item\"><div class=\"srr-item-in srr-clearfix\"><a href=\"https:\/\/medien.pool.grafzyx.foundation\/m\/22-perpetuum-mobile-der-wilde-traum-der-kunst\/\" class=\"srr-thumb srr-thumb-align_left\" style=\"width:148px;height:148px;\"  target=\"_blank\" rel=\"nofollow noopener noreferrer\"><img decoding=\"async\" src=\"https:\/\/medien.pool.grafzyx.foundation\/wp-content\/uploads\/2023\/03\/perpetuum_22_U1.png\" alt=\"\u201922 perpetuum mobile \u2013 Der wilde Traum der Kunst\" align=\"left\" \/><\/a><div class=\"srr-summary srr-clearfix\"><p>A4 quer Softcover matt cellophaniert 100 Seiten, 4c ca. 200 Abbildungen Hrsg: GrafZyxFoundation 2023 Gesamtkatalog zum Ausstellungs- und Veranstaltungsprogramm der Joint Projects 2022 mit der GrafZyxFoundation Aus dem Inhalt: Ausstellungen: REGINA ZACHHALMEL | WILLI KOPF Strategische Komplemente X Mit einem Text von Kurt Kladler NORA BACHEL | CHRISTINE SCH\u00d6RKHUBER Strategische Komplemente XI Mit einem Text von Maria Christine Holter Veranstaltungen: <a href=\"https:\/\/medien.pool.grafzyx.foundation\/m\/22-perpetuum-mobile-der-wilde-traum-der-kunst\/\" title=\"Read more\" target=\"_blank\" rel=\"nofollow noopener noreferrer\" class=\"srr-read-more\">[WEITER]<\/a><\/p><\/div><\/div><\/div><div class=\"srr-item srr-stripe\"><div class=\"srr-item-in srr-clearfix\"><a href=\"https:\/\/medien.pool.grafzyx.foundation\/m\/21-identitaet-der-moderne\/\" class=\"srr-thumb srr-thumb-align_left\" style=\"width:148px;height:148px;\"  target=\"_blank\" rel=\"nofollow noopener noreferrer\"><img decoding=\"async\" src=\"https:\/\/medien.pool.grafzyx.foundation\/wp-content\/uploads\/2022\/03\/identitaet_21_U1.png\" alt=\"\u201921 identit\u00e4t der moderne\" align=\"left\" \/><\/a><div class=\"srr-summary srr-clearfix\"><p>A4 quer Softcover matt cellophaniert 128 Seiten, 4c ca. 200 Abbildungen Hrsg: GrafZyxFoundation 2022 Gesamtkatalog zum Ausstellungs- und Veranstaltungsprogramm der Joint Projects 2021 mit der GrafZyxFoundation Aus dem Inhalt: Ausstellungen: CHRISTINE &amp; IRENE HOHENB\u00dcCHLER Personale Mit einem Text von Sabine Kienzer CHRISTA BIEDERMANN | KIRSTEN BORCHERT Strategische Komplemente IX Mit einem Text von Lucas Gehrmann Veranstaltungen: UTOPIE-DYSTOPIE IM TANK.3040.AT Kontroverse <a href=\"https:\/\/medien.pool.grafzyx.foundation\/m\/21-identitaet-der-moderne\/\" title=\"Read more\" target=\"_blank\" rel=\"nofollow noopener noreferrer\" class=\"srr-read-more\">[WEITER]<\/a><\/p><\/div><\/div><\/div><div class=\"srr-item\"><div class=\"srr-item-in srr-clearfix\"><a href=\"https:\/\/medien.pool.grafzyx.foundation\/m\/19-real-war-gestern\/\" class=\"srr-thumb srr-thumb-align_left\" style=\"width:148px;height:148px;\"  target=\"_blank\" rel=\"nofollow noopener noreferrer\"><img decoding=\"async\" src=\"https:\/\/medien.pool.grafzyx.foundation\/wp-content\/uploads\/2021\/10\/77_0.png\" alt=\"\u201919 real war gestern\" align=\"left\" \/><\/a><div class=\"srr-summary srr-clearfix\"><p>A4 quer Softcover matt cellophaniert 128 Seiten, 4c ca. 200 Abbildungen Hrsg: GrafZyxFoundation 2020 Gesamtkatalog zum Ausstellungs- und Veranstaltungsprogramm der Joint Projects 2019 mit der GrafZyxFoundation] Aus dem Inhalt: Ausstellungen: WALTRAUT COOPER | ONA B. Strategische Komplemente VII Mit einem Text von Peter Bogner JULIE HAYWARD | RUTH SCHNELL Strategische Komplemente VIII Mit einem Text von Patricia Grzonka Veranstaltungen: utopien <a href=\"https:\/\/medien.pool.grafzyx.foundation\/m\/19-real-war-gestern\/\" title=\"Read more\" target=\"_blank\" rel=\"nofollow noopener noreferrer\" class=\"srr-read-more\">[WEITER]<\/a><\/p><\/div><\/div><\/div><div class=\"srr-item srr-stripe\"><div class=\"srr-item-in srr-clearfix\"><a href=\"https:\/\/medien.pool.grafzyx.foundation\/m\/18-das-magische-denken\/\" class=\"srr-thumb srr-thumb-align_left\" style=\"width:148px;height:148px;\"  target=\"_blank\" rel=\"nofollow noopener noreferrer\"><img decoding=\"async\" src=\"https:\/\/medien.pool.grafzyx.foundation\/wp-content\/uploads\/2021\/10\/73_0.png\" alt=\"\u201918 das magische denken\" align=\"left\" \/><\/a><div class=\"srr-summary srr-clearfix\"><p>A4 quer Softcover matt cellophaniert 76 Seiten, 4c ca. 130 Abbildungen Hrsg: GrafZyxFoundation 2019 Gesamtkatalog zum Ausstellungs- und Veranstaltungsprogramm der Joint Projects 2018 mit der GrafZyxFoundation] Aus dem Inhalt: Ausstellungen: MARIANNE MADERNA | SITO SCHWARZENBERGER Strategische Komplemente VI Mit einem Text von Roland Sch\u00f6ny MEINA SCHELLANDER Denkfiguren \u2013 Skulpturale Befragungen zwischen Innen und Aussen Mit einem Text von Silvie Aigner <a href=\"https:\/\/medien.pool.grafzyx.foundation\/m\/18-das-magische-denken\/\" title=\"Read more\" target=\"_blank\" rel=\"nofollow noopener noreferrer\" class=\"srr-read-more\">[WEITER]<\/a><\/p><\/div><\/div><\/div><div class=\"srr-item\"><div class=\"srr-item-in srr-clearfix\"><a href=\"https:\/\/medien.pool.grafzyx.foundation\/m\/strategische-komplemente-2017-das5te\/\" class=\"srr-thumb srr-thumb-align_left\" style=\"width:148px;height:148px;\"  target=\"_blank\" rel=\"nofollow noopener noreferrer\"><img decoding=\"async\" src=\"https:\/\/medien.pool.grafzyx.foundation\/wp-content\/uploads\/2021\/10\/74_0.png\" alt=\"STRATEGISCHE KOMPLEMENTE 2017 das5te\" align=\"left\" \/><\/a><div class=\"srr-summary srr-clearfix\"><p>A4 quer Softcover matt cellophaniert 116 Seiten, 4c 220 Abbildungen Hrsg: GrafZyxFoundation 2018 Gesamtkatalog zum Ausstellungs- und Veranstaltungsprogramm der Joint Projects 2017 mit der GrafZyxFoundation] Aus dem Inhalt: Ausstellungen: BIRGIT ZINNER | MICHAEL KOS Strategische Komplemente IV Mit einem Text von Maria Christine Holter JAKOB LENA KNEBL | WERNER W\u00dcRTINGER Strategische Komplemente V Mit einem Text von Eva Badura-Triska Veranstaltungen: <a href=\"https:\/\/medien.pool.grafzyx.foundation\/m\/strategische-komplemente-2017-das5te\/\" title=\"Read more\" target=\"_blank\" rel=\"nofollow noopener noreferrer\" class=\"srr-read-more\">[WEITER]<\/a><\/p><\/div><\/div><\/div><div class=\"srr-item srr-stripe\"><div class=\"srr-item-in srr-clearfix\"><a href=\"https:\/\/medien.pool.grafzyx.foundation\/m\/code-2016-refreshed\/\" class=\"srr-thumb srr-thumb-align_left\" style=\"width:148px;height:148px;\"  target=\"_blank\" rel=\"nofollow noopener noreferrer\"><img decoding=\"async\" src=\"https:\/\/medien.pool.grafzyx.foundation\/wp-content\/uploads\/2021\/10\/70_0.jpg\" alt=\"CODE 2016 REFRESHED\" align=\"left\" \/><\/a><div class=\"srr-summary srr-clearfix\"><p>A4 quer Softcover matt cellophaniert 120 Seiten, 4c 250 Abbildungen Hrsg: GrafZyxFoundation 2017 Gesamtkatalog zum Ausstellungs- und Veranstaltungsprogramm der Joint Projects 2016 mit der GrafZyxFoundation] Aus dem Inhalt: Ausstellungen: KARIN PLIEM | BORIS KOPEINIG Strategische Komplemente II Mit einem Text von Kurt Kladler JOHANN JASCHA | ERIC KRESSNIG Strategische Komplemente III Mit einem Text von Alexandra Schantl Veranstaltungen: MUSEUMSFR\u00dcHLING N\u00d6 <a href=\"https:\/\/medien.pool.grafzyx.foundation\/m\/code-2016-refreshed\/\" title=\"Read more\" target=\"_blank\" rel=\"nofollow noopener noreferrer\" class=\"srr-read-more\">[WEITER]<\/a><\/p><\/div><\/div><\/div><div class=\"srr-item\"><div class=\"srr-item-in srr-clearfix\"><a href=\"https:\/\/medien.pool.grafzyx.foundation\/m\/perpetual-beta-kvp-2015\/\" class=\"srr-thumb srr-thumb-align_left\" style=\"width:148px;height:148px;\"  target=\"_blank\" rel=\"nofollow noopener noreferrer\"><img decoding=\"async\" src=\"https:\/\/medien.pool.grafzyx.foundation\/wp-content\/uploads\/2021\/10\/62_0.jpg\" alt=\"PERPETUAL BETA\/KVP 2015\" align=\"left\" \/><\/a><div class=\"srr-summary srr-clearfix\"><p>A4 quer Softcover matt cellophaniert 150 Seiten, 4c 226 Abbildungen Hrsg: GrafZyxFoundation 2016 Gesamtkatalog zum Ausstellungs- und Veranstaltungsprogramm der Joint Projects 2015 mit der GrafZyxFoundation] Aus dem Inhalt: RENATE KORDON _walking on my spaceship Mit einem Text von Otto Kapfinger GUNTER DAMISCH | GRAF+ZYX Strategische Komplemente I Mit einem Text von Edelbert K\u00f6b WAS UNS KUNST WERT IST Gastkommentar von <a href=\"https:\/\/medien.pool.grafzyx.foundation\/m\/perpetual-beta-kvp-2015\/\" title=\"Read more\" target=\"_blank\" rel=\"nofollow noopener noreferrer\" class=\"srr-read-more\">[WEITER]<\/a><\/p><\/div><\/div><\/div><div class=\"srr-item srr-stripe\"><div class=\"srr-item-in srr-clearfix\"><a href=\"https:\/\/medien.pool.grafzyx.foundation\/m\/strategische-allianzen-2014\/\" class=\"srr-thumb srr-thumb-align_left\" style=\"width:148px;height:148px;\"  target=\"_blank\" rel=\"nofollow noopener noreferrer\"><img decoding=\"async\" src=\"https:\/\/medien.pool.grafzyx.foundation\/wp-content\/uploads\/2021\/10\/66_0.jpg\" alt=\"Strategische Allianzen 2014\" align=\"left\" \/><\/a><div class=\"srr-summary srr-clearfix\"><p>A4 quer Softcover matt cellophaniert 120 Seiten, 4c ca. 425 Abbildungen Hrsg: GrafZyxFoundation 2015 Gesamtkatalog zum Ausstellungs- und Veranstaltungsprogramm der Joint Projects 2014 mit dem :[KV-N] STATION ROSE N.E.X.T. Never Ever Xchange This Mit einem Text von Lucas Gehrmann HANS SCHEIRL Dropping 2.5% to $ 116.61 Reproduction Mit einem Text von Silvia Eiblmayr visionXsound :[KV-N] 2014t MEDIENKUNST-SCREENINGTAGE TANKSTELLE: Graf+Zyx Attracting <a href=\"https:\/\/medien.pool.grafzyx.foundation\/m\/strategische-allianzen-2014\/\" title=\"Read more\" target=\"_blank\" rel=\"nofollow noopener noreferrer\" class=\"srr-read-more\">[WEITER]<\/a><\/p><\/div><\/div><\/div><div class=\"srr-item\"><div class=\"srr-item-in srr-clearfix\"><a href=\"https:\/\/medien.pool.grafzyx.foundation\/m\/kunst-offensive-2013\/\" class=\"srr-thumb srr-thumb-align_left\" style=\"width:148px;height:148px;\"  target=\"_blank\" rel=\"nofollow noopener noreferrer\"><img decoding=\"async\" src=\"https:\/\/medien.pool.grafzyx.foundation\/wp-content\/uploads\/2021\/10\/64_0.jpg\" alt=\"Kunst Offensive 2013\" align=\"left\" \/><\/a><div class=\"srr-summary srr-clearfix\"><p>A4 quer Softcover matt cellophaniert 104 Seiten, 4c ca. 160 Abbildungen Hrsg: :[KV-N] 2014 Gesamtkatalog zum Ausstellungs- und Veranstaltungsprogramm der Joint Projects 2013 mit dem :[KV-N] AUSSTELLUNGEN: NEW ORDER David Eisl, Maria Luz Olivares Capelle, David Roth FRANZ GRAF Personale \u2039Zu den drei F\u00f6hren\u203a QUICKIES: Al Bird Sputnik + Ana Threat + Johnny Velvet Marianne Maderna Sito + Ritornell TANKSTELLE: <a href=\"https:\/\/medien.pool.grafzyx.foundation\/m\/kunst-offensive-2013\/\" title=\"Read more\" target=\"_blank\" rel=\"nofollow noopener noreferrer\" class=\"srr-read-more\">[WEITER]<\/a><\/p><\/div><\/div><\/div><div class=\"srr-item srr-stripe\"><div class=\"srr-item-in srr-clearfix\"><a href=\"https:\/\/medien.pool.grafzyx.foundation\/m\/shortcut-kunstoffensive2013\/\" class=\"srr-thumb srr-thumb-align_left\" style=\"width:148px;height:148px;\"  target=\"_blank\" rel=\"nofollow noopener noreferrer\"><img decoding=\"async\" src=\"https:\/\/medien.pool.grafzyx.foundation\/wp-content\/uploads\/2021\/10\/58_0.jpg\" alt=\"SHORTCUT [kunstoffensive 2013]\" align=\"left\" \/><\/a><div class=\"srr-summary srr-clearfix\"><p>A5 Querformat 36 Seiten, 4c 42 Abbildungen geheftet, Digitaldruck Deutsch Hrsg: :[KV-N] Die Brosch\u00fcre SHORTCUT [kunstoffensive2013] ist die Kurzversion des zum Ausstellungs- und Veranstaltungsprogramm erscheinenden Gesamtkatalogs KUNST OFFENSIVE 2013. Mit kurzenTextausz\u00fcgen von Maia Damianovic, Thomas Mie\u00dfgang, Andreas Spiegl und GRAF+ZYX und Fotos von Franz Graf, Peter Korrak, Ulrike Pichler, Sito Schwarzenberger und GRAF+ZYX. Inhalt: Vice versa 3 AUSSTELLUNGEN David Eisl <a href=\"https:\/\/medien.pool.grafzyx.foundation\/m\/shortcut-kunstoffensive2013\/\" title=\"Read more\" target=\"_blank\" rel=\"nofollow noopener noreferrer\" class=\"srr-read-more\">[WEITER]<\/a><\/p><\/div><\/div><\/div><div class=\"srr-item\"><div class=\"srr-item-in srr-clearfix\"><a href=\"https:\/\/medien.pool.grafzyx.foundation\/m\/design-offensive-2013\/\" class=\"srr-thumb srr-thumb-align_left\" style=\"width:148px;height:148px;\"  target=\"_blank\" rel=\"nofollow noopener noreferrer\"><img decoding=\"async\" src=\"https:\/\/medien.pool.grafzyx.foundation\/wp-content\/uploads\/2021\/10\/56_0.jpg\" alt=\"Design Offensive 2013\" align=\"left\" \/><\/a><div class=\"srr-summary srr-clearfix\"><p>StilbruchAG : Phantasie X Nutzen | Tank 203.3040.AT A4 Querformat 144 Seiten, 4c ca. 250 Abbildungen Softcover, Digitaldruck Deutsch Hrsg.: :[KV-N] Mit einem Begleittext von Carl Aigner (Dir. Landesmuseum Nieder\u00f6sterreich) und Beitr\u00e4gen von Jana Wisniewski, Josef Wais und GRAF+ZYX. Teil 1: StilbruchAG : Phantasie X Nutzen Der erste Teil des vorliegenden Bands aus der Reihe der 203.3040.AT-Publikationen Design Offensive 2013 <a href=\"https:\/\/medien.pool.grafzyx.foundation\/m\/design-offensive-2013\/\" title=\"Read more\" target=\"_blank\" rel=\"nofollow noopener noreferrer\" class=\"srr-read-more\">[WEITER]<\/a><\/p><\/div><\/div><\/div><div class=\"srr-item srr-stripe\"><div class=\"srr-item-in srr-clearfix\"><a href=\"https:\/\/medien.pool.grafzyx.foundation\/m\/nomaden-der-zeit\/\" class=\"srr-thumb srr-thumb-align_left\" style=\"width:148px;height:148px;\"  target=\"_blank\" rel=\"nofollow noopener noreferrer\"><img decoding=\"async\" src=\"https:\/\/medien.pool.grafzyx.foundation\/wp-content\/uploads\/2022\/02\/NomadenDerZeitU1.png\" alt=\"Nomaden der Zeit\" align=\"left\" \/><\/a><div class=\"srr-summary srr-clearfix\"><p>NOMADEN DER ZEIT ist ein interdisziplin\u00e4res Projekt von GRAF+ZYX f\u00fcr Transmitter-x.org, eine durch die K\u00fcnstler:innen per Daten-Upload aktualisierte Datenbank zur Medienkunst, ein \u00e4sthetisches Experiment zu einem erweiterten Kunstbegriff. BLOCK 1: \u00bbecho der vergangenheit\u00ab, eine Zusammenstellung historischer* Medienarbeiten der K\u00fcnstler:innen, die ihre mediale Bildsprache bereits als Pioniere in den 70er- und 80er-Jahren des vorigen Jahrhunderts, noch vor der absoluten Digitalisierung des <a href=\"https:\/\/medien.pool.grafzyx.foundation\/m\/nomaden-der-zeit\/\" title=\"Read more\" target=\"_blank\" rel=\"nofollow noopener noreferrer\" class=\"srr-read-more\">[WEITER]<\/a><\/p><\/div><\/div><\/div><\/div><\/div><\/div><\/div><!-- End - Super RSS Reader -->\t\t<\/div>\n\t\t\t\t<\/div>\n\t\t\t\t<div class=\"elementor-element elementor-element-c6df062 elementor-hidden-desktop elementor-hidden-tablet elementor-hidden-mobile elementor-widget elementor-widget-text-editor\" data-id=\"c6df062\" data-element_type=\"widget\" data-widget_type=\"text-editor.default\">\n\t\t\t\t<div class=\"elementor-widget-container\">\n\t\t\t\t\t\t\t<div class=\"wprss_ajax\" data-id=\"rss82b380546b\"><img decoding=\"async\" src=\"https:\/\/grafzyx.foundation\/wp-content\/plugins\/wp-rss-retriever\/inc\/imgs\/ajax-loader.gif\" alt=\"Loading RSS Feed\" width=\"16\" height=\"16\"><\/div>\t\t\t\t\t\t<\/div>\n\t\t\t\t<\/div>\n\t\t\t\t\t<\/div>\n\t\t<\/div>\n\t\t\t\t\t<\/div>\n\t\t<\/section>\n\t\t\t\t<\/div>","protected":false},"excerpt":{"rendered":"<p>Publikationen der GrafZyxFoundation Die gedruckten Jahreskataloge der Aktivit\u00e4ten im TANK.3040.AT. Auf den jeweiligen Shopseiten finden Sie auch die Download-Links f\u00fcr die PDF-Versionen der Kataloge, die wir seit 2020 kostenlos zur Verf\u00fcgung stellen.<\/p>","protected":false},"author":1,"featured_media":0,"parent":0,"menu_order":0,"comment_status":"closed","ping_status":"closed","template":"","meta":{"wpupg_custom_link":[],"wpupg_custom_link_behaviour":[],"wpupg_custom_image":[],"wpupg_custom_image_id":[],"footnotes":"","_links_to":"","_links_to_target":""},"_links":{"self":[{"href":"https:\/\/grafzyx.foundation\/en\/wp-json\/wp\/v2\/pages\/1212"}],"collection":[{"href":"https:\/\/grafzyx.foundation\/en\/wp-json\/wp\/v2\/pages"}],"about":[{"href":"https:\/\/grafzyx.foundation\/en\/wp-json\/wp\/v2\/types\/page"}],"author":[{"embeddable":true,"href":"https:\/\/grafzyx.foundation\/en\/wp-json\/wp\/v2\/users\/1"}],"replies":[{"embeddable":true,"href":"https:\/\/grafzyx.foundation\/en\/wp-json\/wp\/v2\/comments?post=1212"}],"version-history":[{"count":175,"href":"https:\/\/grafzyx.foundation\/en\/wp-json\/wp\/v2\/pages\/1212\/revisions"}],"predecessor-version":[{"id":1560,"href":"https:\/\/grafzyx.foundation\/en\/wp-json\/wp\/v2\/pages\/1212\/revisions\/1560"}],"wp:attachment":[{"href":"https:\/\/grafzyx.foundation\/en\/wp-json\/wp\/v2\/media?parent=1212"}],"curies":[{"name":"wp","href":"https:\/\/api.w.org\/{rel}","templated":true}]}}