{"id":107,"date":"2020-04-15T18:58:15","date_gmt":"2020-04-15T16:58:15","guid":{"rendered":"http:\/\/2020-3.grafzyx.foundation\/?page_id=107"},"modified":"2020-04-23T18:52:24","modified_gmt":"2020-04-23T16:52:24","slug":"history","status":"publish","type":"page","link":"https:\/\/grafzyx.foundation\/en\/history\/","title":{"rendered":"History"},"content":{"rendered":"<div data-elementor-type=\"wp-page\" data-elementor-id=\"107\" class=\"elementor elementor-107\">\n\t\t\t\t\t\t<section class=\"elementor-section elementor-top-section elementor-element elementor-element-294f484 elementor-section-full_width elementor-section-height-default elementor-section-height-default\" data-id=\"294f484\" data-element_type=\"section\">\n\t\t\t\t\t\t<div class=\"elementor-container elementor-column-gap-default\">\n\t\t\t\t\t<div class=\"elementor-column elementor-col-100 elementor-top-column elementor-element elementor-element-3410d90\" data-id=\"3410d90\" data-element_type=\"column\">\n\t\t\t<div class=\"elementor-widget-wrap elementor-element-populated\">\n\t\t\t\t\t\t<div class=\"elementor-element elementor-element-6b26c12 elementor-widget elementor-widget-toggle\" data-id=\"6b26c12\" data-element_type=\"widget\" data-widget_type=\"toggle.default\">\n\t\t\t\t<div class=\"elementor-widget-container\">\n\t\t\t\t\t<div class=\"elementor-toggle\">\n\t\t\t\t\t\t\t<div class=\"elementor-toggle-item\">\n\t\t\t\t\t<div id=\"elementor-tab-title-1121\" class=\"elementor-tab-title\" data-tab=\"1\" role=\"button\" aria-controls=\"elementor-tab-content-1121\" aria-expanded=\"false\">\n\t\t\t\t\t\t\t\t\t\t\t\t<span class=\"elementor-toggle-icon elementor-toggle-icon-left\" aria-hidden=\"true\">\n\t\t\t\t\t\t\t\t\t\t\t\t\t\t\t<span class=\"elementor-toggle-icon-closed\"><i class=\"fas fa-caret-right\"><\/i><\/span>\n\t\t\t\t\t\t\t\t<span class=\"elementor-toggle-icon-opened\"><i class=\"elementor-toggle-icon-opened fas fa-caret-up\"><\/i><\/span>\n\t\t\t\t\t\t\t\t\t\t\t\t\t<\/span>\n\t\t\t\t\t\t\t\t\t\t\t\t<a class=\"elementor-toggle-title\" tabindex=\"0\">?<\/a>\n\t\t\t\t\t<\/div>\n\n\t\t\t\t\t<div id=\"elementor-tab-content-1121\" class=\"elementor-tab-content elementor-clearfix\" data-tab=\"1\" role=\"region\" aria-labelledby=\"elementor-tab-title-1121\"><p class=\"mehrsp silben\">Von Zeit zu Zeit reizt uns neben <a href=\"https:\/\/grafzyx.eu\" target=\"_blank\" rel=\"noopener\">unserer eigenen k\u00fcnstlerischen Arbeit<\/a> schon immer der Versuch einer Zurechtr\u00fcckung schiefer Wertigkeiten und Gewichtungen von k\u00fcnstlerischen Unternehmungen anderer: in der Gesellschaft im Allgemeinen und im Kunstbetrieb im Besonderen. Je nach Gelegenheit oder auch \u00e4u\u00dferem Anlass beteiligen wir uns dann an Projekten der Kunstvermittlung und des Kunstmanagements oder treten unter verschiedenen Labels solche selbst los.<\/p><\/div>\n\t\t\t\t<\/div>\n\t\t\t\t\t\t\t\t<\/div>\n\t\t\t\t<\/div>\n\t\t\t\t<\/div>\n\t\t\t\t\t<\/div>\n\t\t<\/div>\n\t\t\t\t\t<\/div>\n\t\t<\/section>\n\t\t\t\t<section class=\"elementor-section elementor-top-section elementor-element elementor-element-3ba5681 elementor-section-full_width elementor-section-height-default elementor-section-height-default\" data-id=\"3ba5681\" data-element_type=\"section\">\n\t\t\t\t\t\t<div class=\"elementor-container elementor-column-gap-default\">\n\t\t\t\t\t<div class=\"elementor-column elementor-col-50 elementor-top-column elementor-element elementor-element-03ae4a0\" data-id=\"03ae4a0\" data-element_type=\"column\">\n\t\t\t<div class=\"elementor-widget-wrap elementor-element-populated\">\n\t\t\t\t\t\t<div class=\"elementor-element elementor-element-a103aac elementor-widget elementor-widget-heading\" data-id=\"a103aac\" data-element_type=\"widget\" data-widget_type=\"heading.default\">\n\t\t\t\t<div class=\"elementor-widget-container\">\n\t\t\t<h2 class=\"elementor-heading-title elementor-size-default\">Ausstellungen im Realraum<\/h2>\t\t<\/div>\n\t\t\t\t<\/div>\n\t\t\t\t<div class=\"elementor-element elementor-element-c62dda6 elementor-grid-eael-col-3 elementor-grid-tablet-eael-col-2 elementor-grid-mobile-eael-col-1 elementor-invisible elementor-widget elementor-widget-eael-post-grid\" data-id=\"c62dda6\" data-element_type=\"widget\" data-settings=\"{&quot;_animation&quot;:&quot;slideInUp&quot;,&quot;eael_post_grid_columns&quot;:&quot;eael-col-3&quot;,&quot;eael_post_grid_columns_tablet&quot;:&quot;eael-col-2&quot;,&quot;eael_post_grid_columns_mobile&quot;:&quot;eael-col-1&quot;}\" data-widget_type=\"eael-post-grid.default\">\n\t\t\t\t<div class=\"elementor-widget-container\">\n\t\t\t<div id=\"eael-post-grid-c62dda6\" class=\"eael-post-grid-container\">\n            <div class=\"eael-post-grid eael-post-appender eael-post-appender-c62dda6 eael-post-grid-style-default\" data-layout-mode=\"masonry\"><p class=\"no-posts-found\">No posts found!<\/p><\/div>\n            <div class=\"clearfix\"><\/div>\n        <\/div>\t\t<\/div>\n\t\t\t\t<\/div>\n\t\t\t\t\t<\/div>\n\t\t<\/div>\n\t\t\t\t<div class=\"elementor-column elementor-col-50 elementor-top-column elementor-element elementor-element-0b34f6c\" data-id=\"0b34f6c\" data-element_type=\"column\">\n\t\t\t<div class=\"elementor-widget-wrap elementor-element-populated\">\n\t\t\t\t\t\t<div class=\"elementor-element elementor-element-c67a986 elementor-widget elementor-widget-heading\" data-id=\"c67a986\" data-element_type=\"widget\" data-widget_type=\"heading.default\">\n\t\t\t\t<div class=\"elementor-widget-container\">\n\t\t\t<h2 class=\"elementor-heading-title elementor-size-default\">Internet + elektronische Medien<\/h2>\t\t<\/div>\n\t\t\t\t<\/div>\n\t\t\t\t<div class=\"elementor-element elementor-element-3619eea elementor-grid-eael-col-3 elementor-grid-tablet-eael-col-2 elementor-grid-mobile-eael-col-1 elementor-invisible elementor-widget elementor-widget-eael-post-grid\" data-id=\"3619eea\" data-element_type=\"widget\" data-settings=\"{&quot;_animation&quot;:&quot;slideInUp&quot;,&quot;eael_post_grid_columns&quot;:&quot;eael-col-3&quot;,&quot;eael_post_grid_columns_tablet&quot;:&quot;eael-col-2&quot;,&quot;eael_post_grid_columns_mobile&quot;:&quot;eael-col-1&quot;}\" data-widget_type=\"eael-post-grid.default\">\n\t\t\t\t<div class=\"elementor-widget-container\">\n\t\t\t<div id=\"eael-post-grid-3619eea\" class=\"eael-post-grid-container\">\n            <div class=\"eael-post-grid eael-post-appender eael-post-appender-3619eea eael-post-grid-style-default\" data-layout-mode=\"masonry\"><p class=\"no-posts-found\">No posts found!<\/p><\/div>\n            <div class=\"clearfix\"><\/div>\n        <\/div>\t\t<\/div>\n\t\t\t\t<\/div>\n\t\t\t\t\t<\/div>\n\t\t<\/div>\n\t\t\t\t\t<\/div>\n\t\t<\/section>\n\t\t\t\t<\/div>","protected":false},"excerpt":{"rendered":"<p>? Von Zeit zu Zeit reizt uns neben unserer eigenen k\u00fcnstlerischen Arbeit schon immer der Versuch einer Zurechtr\u00fcckung schiefer Wertigkeiten und Gewichtungen von k\u00fcnstlerischen Unternehmungen anderer: in der Gesellschaft im Allgemeinen und im Kunstbetrieb im Besonderen. Je nach Gelegenheit oder auch \u00e4u\u00dferem Anlass beteiligen wir uns dann an Projekten der Kunstvermittlung und des Kunstmanagements oder treten unter verschiedenen Labels solche selbst los. Ausstellungen im Realraum visionXsound Weiter &#8230; 2.x-tended Label: :[KV-N] Weiter &#8230; 1.x-tended Label: :[KV-N] Weiter &#8230; Multimediale Kunst f\u00fcr Wiener Secession Weiter &#8230; Internet + elektronische Medien Nomaden der Zeit Label: TRANSMITTER-X.org Weiter &#8230; Infermental 9 f\u00fcr Infermental Weiter &#8230;<\/p>","protected":false},"author":1,"featured_media":0,"parent":0,"menu_order":0,"comment_status":"closed","ping_status":"closed","template":"","meta":{"wpupg_custom_link":[],"wpupg_custom_link_behaviour":[],"wpupg_custom_image":[],"wpupg_custom_image_id":[],"footnotes":"","_links_to":"","_links_to_target":""},"_links":{"self":[{"href":"https:\/\/grafzyx.foundation\/en\/wp-json\/wp\/v2\/pages\/107"}],"collection":[{"href":"https:\/\/grafzyx.foundation\/en\/wp-json\/wp\/v2\/pages"}],"about":[{"href":"https:\/\/grafzyx.foundation\/en\/wp-json\/wp\/v2\/types\/page"}],"author":[{"embeddable":true,"href":"https:\/\/grafzyx.foundation\/en\/wp-json\/wp\/v2\/users\/1"}],"replies":[{"embeddable":true,"href":"https:\/\/grafzyx.foundation\/en\/wp-json\/wp\/v2\/comments?post=107"}],"version-history":[{"count":43,"href":"https:\/\/grafzyx.foundation\/en\/wp-json\/wp\/v2\/pages\/107\/revisions"}],"predecessor-version":[{"id":282,"href":"https:\/\/grafzyx.foundation\/en\/wp-json\/wp\/v2\/pages\/107\/revisions\/282"}],"wp:attachment":[{"href":"https:\/\/grafzyx.foundation\/en\/wp-json\/wp\/v2\/media?parent=107"}],"curies":[{"name":"wp","href":"https:\/\/api.w.org\/{rel}","templated":true}]}}